{"id":64,"date":"2020-03-12T15:48:12","date_gmt":"2020-03-12T14:48:12","guid":{"rendered":"https:\/\/test-fdls.lacl.fr\/?page_id=64"},"modified":"2020-05-13T19:05:04","modified_gmt":"2020-05-13T17:05:04","slug":"bienvenue-sur-le-site-du-concours-fds","status":"publish","type":"page","link":"https:\/\/test-fdls.lacl.fr\/","title":{"rendered":"Bienvenue sur le site du concours \u00ab\u00a0Faites de la science\u00a0\u00bb"},"content":{"rendered":"<h4><span style=\"color: #808080;\">Vous trouverez ici toutes les informations concernant le d\u00e9roulement du concours national \u00ab\u00a0Faites de la science\u00a0\u00bb.<\/span><\/h4>\n<hr>\n<p>Tous les ans, de nombreuses universit\u00e9s fran\u00e7aises participent au concours national. Elles organisent d&rsquo;abord une phase locale au cours de laquelle sont d\u00e9sign\u00e9s les \u00e9l\u00e8ves laur\u00e9ats qui iront ensuite au concours national d\u00e9fendre leurs couleurs. Chaque universit\u00e9 participante d\u00e9cide de la date de son <a href=\"https:\/\/test-fdls.lacl.fr\/?page_id=23\">forum r\u00e9gional<\/a>, suivant les <a href=\"https:\/\/test-fdls.lacl.fr\/?page_id=19\">modalit\u00e9s<\/a> stipul\u00e9es dans le r\u00e8glement.<\/p>\n<p>G\u00e9n\u00e9ralement, le lieu du concours national change tous les ans. Il d\u00e9pend de l&rsquo;universit\u00e9 qui d\u00e9cide de prendre en charge son organisation. Nombreuses sont les universit\u00e9s qui ont d\u00e9j\u00e0 organis\u00e9 la <a href=\"https:\/\/test-fdls.lacl.fr\/?page_id=29\">finale nationale<\/a>.<\/p>\n\n\n<div class=\"wp-block-group alignwide\"><div class=\"wp-block-group__inner-container is-layout-flow wp-block-group-is-layout-flow\">\n<div class=\"wp-block-cover has-background-dim\" style=\"background-image:url(https:\/\/test-fdls.lacl.fr\/wp-content\/uploads\/2020\/05\/Scientifiques.jpg);min-height:186px;aspect-ratio:unset;\"><div class=\"wp-block-cover__inner-container is-layout-flow wp-block-cover-is-layout-flow\">\n<p class=\"has-text-align-center has-large-font-size\">Jeunes scientifiques en herbe<\/p>\n<\/div><\/div>\n<\/div><\/div>\n","protected":false},"excerpt":{"rendered":"<p>Vous trouverez ici toutes les informations concernant le d\u00e9roulement du concours national \u00ab\u00a0Faites de la science\u00a0\u00bb. Tous les ans, de nombreuses universit\u00e9s fran\u00e7aises participent au concours national. Elles organisent d&rsquo;abord une phase locale au cours de laquelle sont d\u00e9sign\u00e9s les \u00e9l\u00e8ves laur\u00e9ats qui iront ensuite au concours national d\u00e9fendre leurs couleurs. Chaque universit\u00e9 participante d\u00e9cide [&hellip;]<\/p>\n","protected":false},"author":3,"featured_media":0,"parent":0,"menu_order":0,"comment_status":"closed","ping_status":"closed","template":"","meta":{"footnotes":""},"class_list":["post-64","page","type-page","status-publish","hentry"],"_links":{"self":[{"href":"https:\/\/test-fdls.lacl.fr\/index.php?rest_route=\/wp\/v2\/pages\/64","targetHints":{"allow":["GET"]}}],"collection":[{"href":"https:\/\/test-fdls.lacl.fr\/index.php?rest_route=\/wp\/v2\/pages"}],"about":[{"href":"https:\/\/test-fdls.lacl.fr\/index.php?rest_route=\/wp\/v2\/types\/page"}],"author":[{"embeddable":true,"href":"https:\/\/test-fdls.lacl.fr\/index.php?rest_route=\/wp\/v2\/users\/3"}],"replies":[{"embeddable":true,"href":"https:\/\/test-fdls.lacl.fr\/index.php?rest_route=%2Fwp%2Fv2%2Fcomments&post=64"}],"version-history":[{"count":124,"href":"https:\/\/test-fdls.lacl.fr\/index.php?rest_route=\/wp\/v2\/pages\/64\/revisions"}],"predecessor-version":[{"id":730,"href":"https:\/\/test-fdls.lacl.fr\/index.php?rest_route=\/wp\/v2\/pages\/64\/revisions\/730"}],"wp:attachment":[{"href":"https:\/\/test-fdls.lacl.fr\/index.php?rest_route=%2Fwp%2Fv2%2Fmedia&parent=64"}],"curies":[{"name":"wp","href":"https:\/\/api.w.org\/{rel}","templated":true}]}}